{"id":646,"date":"2024-12-17T22:38:44","date_gmt":"2024-12-17T22:38:44","guid":{"rendered":"https:\/\/fighter-jet-rides.com\/?page_id=646"},"modified":"2024-12-27T09:47:28","modified_gmt":"2024-12-27T09:47:28","slug":"about-us","status":"publish","type":"page","link":"https:\/\/fighter-jet-rides.com\/cs\/o-nas\/","title":{"rendered":"O n\u00e1s"},"content":{"rendered":"<figure class=\"wp-block-image size-large is-resized\"><img loading=\"lazy\" decoding=\"async\" width=\"1024\" height=\"335\" src=\"https:\/\/fighter-jet-rides.com\/wp-content\/uploads\/2024\/12\/migflug-logo-1024x335.png\" alt=\"\" class=\"wp-image-641\" style=\"width:131px;height:auto\" srcset=\"https:\/\/fighter-jet-rides.com\/wp-content\/uploads\/2024\/12\/migflug-logo-1024x335.png 1024w, https:\/\/fighter-jet-rides.com\/wp-content\/uploads\/2024\/12\/migflug-logo-300x98.png 300w, https:\/\/fighter-jet-rides.com\/wp-content\/uploads\/2024\/12\/migflug-logo-768x252.png 768w, https:\/\/fighter-jet-rides.com\/wp-content\/uploads\/2024\/12\/migflug-logo-1536x503.png 1536w, https:\/\/fighter-jet-rides.com\/wp-content\/uploads\/2024\/12\/migflug-logo-18x6.png 18w, https:\/\/fighter-jet-rides.com\/wp-content\/uploads\/2024\/12\/migflug-logo.png 1600w\" sizes=\"auto, (max-width: 1024px) 100vw, 1024px\" \/><\/figure>\n\n\n\n<p><strong>Fighter-Jet-Rides je zna\u010dkou spole\u010dnosti MiGFlug<\/strong><br><br>Spole\u010dnost MiGFlug, kterou v roce 2004 zalo\u017eili lete\u010dt\u00ed nad\u0161enci Philipp Schaer a Flavio Kaufmann ve \u0161v\u00fdcarsk\u00e9m Curychu, se specializuje na nab\u00eddku z\u00e1\u017eitk\u016f z letu st\u00edha\u010dkou. Spole\u010dnost up\u0159ednost\u0148uje bezpe\u010dnost, vyb\u00edr\u00e1 nejlep\u0161\u00ed letadla, piloty a leti\u0161t\u011b a b\u011bhem tis\u00edc\u016f let\u016f si udr\u017eela bezchybn\u00fd bezpe\u010dnostn\u00ed rekord.<\/p>\n\n\n\n<p><strong>Mise<\/strong><br>C\u00edlem spole\u010dnosti MiGFlug je zp\u0159\u00edstupnit lety st\u00edha\u010dkou za dostupnou cenu leteck\u00fdm nad\u0161enc\u016fm a milovn\u00edk\u016fm vzru\u0161en\u00ed a poskytnout jim nezapomenuteln\u00e9 adrenalinov\u00e9 z\u00e1\u017eitky.<\/p>\n\n\n\n<p><strong>\u010c\u00edm je MiGFlug v\u00fdjime\u010dn\u00fd?<\/strong><br>MiGFlug funguje jako mal\u00e1, vysoce profesion\u00e1ln\u00ed spole\u010dnost bez zprost\u0159edkovatel\u016f, kter\u00e1 se zam\u011b\u0159uje v\u00fdhradn\u011b na z\u00e1\u017eitky se st\u00edha\u010dkami. Jejich p\u0159\u00edstup zam\u011b\u0159en\u00fd na z\u00e1kazn\u00edka zaji\u0161\u0165uje bezprobl\u00e9mov\u00e9 a nezapomenuteln\u00e9 dobrodru\u017estv\u00ed, a to od rezervace a\u017e po samotn\u00fd let za podpory oddan\u00fdch pilot\u016f.<\/p>\n\n\n\n<p><strong>Z\u00e1zem\u00ed spole\u010dnosti<\/strong><br>Spole\u010dnost MiGFlug GmbH se s\u00eddlem v Curychu se inspirovala p\u0159i cest\u00e1ch Philippa a Flavia po v\u00fdchodn\u00ed Evrop\u011b, kde se n\u00e1pad zrodil p\u0159i improvizovan\u00e9m letu s rusk\u00fdm vojensk\u00fdm pilotem. Pot\u00e9, co se zorientovali v rusk\u00fdch vojensk\u00fdch procesech, zp\u0159\u00edstupnili tyto nev\u0161edn\u00ed z\u00e1\u017eitky po cel\u00e9m sv\u011bt\u011b. Za posledn\u00edch 20 let spole\u010dnost MiGFlug nab\u00eddla lety v ikonick\u00fdch letadlech, jako je nap\u0159. <strong>MiG-21, MiG-23, MiG-25, MiG-29, SU-27, Buccaneer, English Electric Lightning, Hawker Hunter, L-39 Albatros,<\/strong> a dal\u0161\u00ed. Spole\u010dnost MiGFlug byla pr\u016fkopn\u00edkem v oblasti<strong> Lety MiG-29 z leti\u0161t\u011b Ni\u017enij Novgorod Sormovo<\/strong>. Dnes spole\u010dnost MiGFlug pokra\u010duje v celosv\u011btov\u00e9 expanzi a poskytuje v\u00e1m vysoce kvalitn\u00ed, bezpe\u010dn\u00e9 a vzru\u0161uj\u00edc\u00ed dobrodru\u017estv\u00ed se st\u00edha\u010dkami.<\/p>\n\n\n\n<div class=\"wp-block-buttons is-content-justification-center is-layout-flex wp-container-core-buttons-is-layout-16018d1d wp-block-buttons-is-layout-flex\">\n<div class=\"wp-block-button is-style-default\"><a class=\"wp-block-button__link has-nv-dark-bg-color has-neve-link-color-background-color has-text-color has-background has-link-color wp-element-button\" href=\"https:\/\/fighter-jet-rides.com\/cs\/#map\" style=\"border-radius:10px\">Vyberte si svou polohu<\/a><\/div>\n<\/div>\n\n\n\n<p><\/p>","protected":false},"excerpt":{"rendered":"<p>Fighter-Jet-Rides je zna\u010dka spole\u010dnosti MiGFlug Spole\u010dnost MiGFlug, kterou v roce 2004 zalo\u017eili lete\u010dt\u00ed nad\u0161enci Philipp Schaer a Flavio Kaufmann ve \u0161v\u00fdcarsk\u00e9m Curychu, se specializuje na nab\u00eddku z\u00e1\u017eitk\u016f z letu st\u00edha\u010dkou. Spole\u010dnost up\u0159ednost\u0148uje bezpe\u010dnost, vyb\u00edr\u00e1 nejlep\u0161\u00ed letadla, piloty a leti\u0161t\u011b a b\u011bhem tis\u00edc\u016f let\u016f si udr\u017eela bezchybn\u00fd bezpe\u010dnostn\u00ed rekord. MissionMiGFlug si klade za c\u00edl, aby st\u00edha\u010dky...&nbsp;<a href=\"https:\/\/fighter-jet-rides.com\/cs\/o-nas\/\" rel=\"bookmark\">\u010c\u00edst d\u00e1le \"<span class=\"screen-reader-text\">O n\u00e1s<\/span><\/a><\/p>","protected":false},"author":1,"featured_media":0,"parent":0,"menu_order":0,"comment_status":"closed","ping_status":"closed","template":"","meta":{"neve_meta_sidebar":"","neve_meta_container":"","neve_meta_enable_content_width":"","neve_meta_content_width":0,"neve_meta_title_alignment":"","neve_meta_author_avatar":"","neve_post_elements_order":"","neve_meta_disable_header":"","neve_meta_disable_footer":"","neve_meta_disable_title":"","footnotes":""},"class_list":["post-646","page","type-page","status-publish","hentry"],"_links":{"self":[{"href":"https:\/\/fighter-jet-rides.com\/cs\/wp-json\/wp\/v2\/pages\/646","targetHints":{"allow":["GET"]}}],"collection":[{"href":"https:\/\/fighter-jet-rides.com\/cs\/wp-json\/wp\/v2\/pages"}],"about":[{"href":"https:\/\/fighter-jet-rides.com\/cs\/wp-json\/wp\/v2\/types\/page"}],"author":[{"embeddable":true,"href":"https:\/\/fighter-jet-rides.com\/cs\/wp-json\/wp\/v2\/users\/1"}],"replies":[{"embeddable":true,"href":"https:\/\/fighter-jet-rides.com\/cs\/wp-json\/wp\/v2\/comments?post=646"}],"version-history":[{"count":2,"href":"https:\/\/fighter-jet-rides.com\/cs\/wp-json\/wp\/v2\/pages\/646\/revisions"}],"predecessor-version":[{"id":778,"href":"https:\/\/fighter-jet-rides.com\/cs\/wp-json\/wp\/v2\/pages\/646\/revisions\/778"}],"wp:attachment":[{"href":"https:\/\/fighter-jet-rides.com\/cs\/wp-json\/wp\/v2\/media?parent=646"}],"curies":[{"name":"wp","href":"https:\/\/api.w.org\/{rel}","templated":true}]}}