{"id":646,"date":"2024-12-17T22:38:44","date_gmt":"2024-12-17T22:38:44","guid":{"rendered":"https:\/\/fighter-jet-rides.com\/?page_id=646"},"modified":"2024-12-27T09:47:28","modified_gmt":"2024-12-27T09:47:28","slug":"about-us","status":"publish","type":"page","link":"https:\/\/fighter-jet-rides.com\/de\/uber-uns\/","title":{"rendered":"\u00dcber uns"},"content":{"rendered":"<figure class=\"wp-block-image size-large is-resized\"><img loading=\"lazy\" decoding=\"async\" width=\"1024\" height=\"335\" src=\"https:\/\/fighter-jet-rides.com\/wp-content\/uploads\/2024\/12\/migflug-logo-1024x335.png\" alt=\"\" class=\"wp-image-641\" style=\"width:131px;height:auto\" srcset=\"https:\/\/fighter-jet-rides.com\/wp-content\/uploads\/2024\/12\/migflug-logo-1024x335.png 1024w, https:\/\/fighter-jet-rides.com\/wp-content\/uploads\/2024\/12\/migflug-logo-300x98.png 300w, https:\/\/fighter-jet-rides.com\/wp-content\/uploads\/2024\/12\/migflug-logo-768x252.png 768w, https:\/\/fighter-jet-rides.com\/wp-content\/uploads\/2024\/12\/migflug-logo-1536x503.png 1536w, https:\/\/fighter-jet-rides.com\/wp-content\/uploads\/2024\/12\/migflug-logo-18x6.png 18w, https:\/\/fighter-jet-rides.com\/wp-content\/uploads\/2024\/12\/migflug-logo.png 1600w\" sizes=\"auto, (max-width: 1024px) 100vw, 1024px\" \/><\/figure>\n\n\n\n<p><strong>Fighter-Jet-Rides ist eine Marke von MiGFlug<\/strong><br><br>MiGFlug wurde 2004 von den Luftfahrtenthusiasten Philipp Schaer und Flavio Kaufmann in Z\u00fcrich, Schweiz, gegr\u00fcndet und hat sich auf das Angebot von Kampfjet-Flugerlebnissen spezialisiert. Das Unternehmen legt gr\u00f6\u00dften Wert auf Sicherheit, w\u00e4hlt die besten Flugzeuge, Piloten und Flugpl\u00e4tze aus und hat in Tausenden von Fl\u00fcgen eine makellose Sicherheitsbilanz erzielt.<\/p>\n\n\n\n<p><strong>Mission<\/strong><br>MiGFlug hat sich zum Ziel gesetzt, Kampfjetfl\u00fcge f\u00fcr Flugbegeisterte und Abenteuerlustige erschwinglich zu machen und ihnen unvergessliche, adrenalingeladene Abenteuer zu bieten.<\/p>\n\n\n\n<p><strong>Was ist das Besondere an MiGFlug?<\/strong><br>MiGFlug ist ein kleines, hochprofessionelles Unternehmen ohne Zwischenh\u00e4ndler, das sich ausschlie\u00dflich auf Kampfjet-Erlebnisse konzentriert. Von der Buchung bis zum Flug sorgt ihr kundenorientierter Ansatz f\u00fcr ein nahtloses und unvergessliches Abenteuer, unterst\u00fctzt von engagierten Piloten.<\/p>\n\n\n\n<p><strong>Hintergrund des Unternehmens<\/strong><br>Die MiGFlug GmbH mit Hauptsitz in Z\u00fcrich wurde w\u00e4hrend Philipps und Flavios Reisen in Osteuropa inspiriert, wo ein spontaner Flug mit einem russischen Milit\u00e4rpiloten die Idee ausl\u00f6ste. Nachdem sie die russischen Milit\u00e4rprozesse durchlaufen hatten, machten sie diese au\u00dfergew\u00f6hnlichen Erfahrungen weltweit verf\u00fcgbar. In den letzten 20 Jahren hat MiGFlug Fl\u00fcge in kultigen Flugzeugen angeboten, wie zum Beispiel in der <strong>MiG-21, MiG-23, MiG-25, MiG-29, SU-27, Buccaneer, English Electric Lightning, Hawker Hunter, L-39 Albatros,<\/strong> und mehr. Insbesondere war MiGFlug der Pionier unter den<strong> MiG-29-Fl\u00fcge vom Flugplatz Nizhny Novgorod Sormovo<\/strong>. Heute expandiert MiGFlug weltweit und bietet Ihnen hochwertige, sichere und spannende Kampfjet-Abenteuer.<\/p>\n\n\n\n<div class=\"wp-block-buttons is-content-justification-center is-layout-flex wp-container-core-buttons-is-layout-16018d1d wp-block-buttons-is-layout-flex\">\n<div class=\"wp-block-button is-style-default\"><a class=\"wp-block-button__link has-nv-dark-bg-color has-neve-link-color-background-color has-text-color has-background has-link-color wp-element-button\" href=\"https:\/\/fighter-jet-rides.com\/de\/#map\" style=\"border-radius:10px\">W\u00e4hlen Sie jetzt Ihren Standort<\/a><\/div>\n<\/div>\n\n\n\n<p><\/p>","protected":false},"excerpt":{"rendered":"<p>Fighter-Jet-Rides is a Brand of MiGFlug MiGFlug, founded in 2004 by aviation enthusiasts Philipp Schaer and Flavio Kaufmann in Zurich, Switzerland, specializes in offering fighter jet flight experiences. The company prioritizes safety, selecting the best aircraft, pilots, and airfields, and has maintained a flawless safety record over thousands of flights. MissionMiGFlug aims to make fighter&hellip;&nbsp;<a href=\"https:\/\/fighter-jet-rides.com\/de\/uber-uns\/\" rel=\"bookmark\">Weiterlesen &raquo;<span class=\"screen-reader-text\">\u00dcber uns<\/span><\/a><\/p>","protected":false},"author":1,"featured_media":0,"parent":0,"menu_order":0,"comment_status":"closed","ping_status":"closed","template":"","meta":{"neve_meta_sidebar":"","neve_meta_container":"","neve_meta_enable_content_width":"","neve_meta_content_width":0,"neve_meta_title_alignment":"","neve_meta_author_avatar":"","neve_post_elements_order":"","neve_meta_disable_header":"","neve_meta_disable_footer":"","neve_meta_disable_title":"","footnotes":""},"class_list":["post-646","page","type-page","status-publish","hentry"],"_links":{"self":[{"href":"https:\/\/fighter-jet-rides.com\/de\/wp-json\/wp\/v2\/pages\/646","targetHints":{"allow":["GET"]}}],"collection":[{"href":"https:\/\/fighter-jet-rides.com\/de\/wp-json\/wp\/v2\/pages"}],"about":[{"href":"https:\/\/fighter-jet-rides.com\/de\/wp-json\/wp\/v2\/types\/page"}],"author":[{"embeddable":true,"href":"https:\/\/fighter-jet-rides.com\/de\/wp-json\/wp\/v2\/users\/1"}],"replies":[{"embeddable":true,"href":"https:\/\/fighter-jet-rides.com\/de\/wp-json\/wp\/v2\/comments?post=646"}],"version-history":[{"count":2,"href":"https:\/\/fighter-jet-rides.com\/de\/wp-json\/wp\/v2\/pages\/646\/revisions"}],"predecessor-version":[{"id":778,"href":"https:\/\/fighter-jet-rides.com\/de\/wp-json\/wp\/v2\/pages\/646\/revisions\/778"}],"wp:attachment":[{"href":"https:\/\/fighter-jet-rides.com\/de\/wp-json\/wp\/v2\/media?parent=646"}],"curies":[{"name":"wp","href":"https:\/\/api.w.org\/{rel}","templated":true}]}}