{"id":646,"date":"2024-12-17T22:38:44","date_gmt":"2024-12-17T22:38:44","guid":{"rendered":"https:\/\/fighter-jet-rides.com\/?page_id=646"},"modified":"2024-12-27T09:47:28","modified_gmt":"2024-12-27T09:47:28","slug":"about-us","status":"publish","type":"page","link":"https:\/\/fighter-jet-rides.com\/es\/acerca-de-nosotros\/","title":{"rendered":"Qui\u00e9nes somos"},"content":{"rendered":"<figure class=\"wp-block-image size-large is-resized\"><img loading=\"lazy\" decoding=\"async\" width=\"1024\" height=\"335\" src=\"https:\/\/fighter-jet-rides.com\/wp-content\/uploads\/2024\/12\/migflug-logo-1024x335.png\" alt=\"\" class=\"wp-image-641\" style=\"width:131px;height:auto\" srcset=\"https:\/\/fighter-jet-rides.com\/wp-content\/uploads\/2024\/12\/migflug-logo-1024x335.png 1024w, https:\/\/fighter-jet-rides.com\/wp-content\/uploads\/2024\/12\/migflug-logo-300x98.png 300w, https:\/\/fighter-jet-rides.com\/wp-content\/uploads\/2024\/12\/migflug-logo-768x252.png 768w, https:\/\/fighter-jet-rides.com\/wp-content\/uploads\/2024\/12\/migflug-logo-1536x503.png 1536w, https:\/\/fighter-jet-rides.com\/wp-content\/uploads\/2024\/12\/migflug-logo-18x6.png 18w, https:\/\/fighter-jet-rides.com\/wp-content\/uploads\/2024\/12\/migflug-logo.png 1600w\" sizes=\"auto, (max-width: 1024px) 100vw, 1024px\" \/><\/figure>\n\n\n\n<p><strong>Fighter-Jet-Rides es una marca de MiGFlug<\/strong><br><br>MiGFlug, fundada en 2004 por los entusiastas de la aviaci\u00f3n Philipp Schaer y Flavio Kaufmann en Z\u00farich (Suiza), est\u00e1 especializada en ofrecer experiencias de vuelo en aviones de combate. La empresa da prioridad a la seguridad, seleccionando los mejores aviones, pilotos y aer\u00f3dromos, y ha mantenido un impecable historial de seguridad en miles de vuelos.<\/p>\n\n\n\n<p><strong>Misi\u00f3n<\/strong><br>MiGFlug pretende hacer accesibles y asequibles los vuelos en aviones de combate a los entusiastas de la aviaci\u00f3n y los amantes de las emociones fuertes, ofreciendo aventuras inolvidables cargadas de adrenalina.<\/p>\n\n\n\n<p><strong>\u00bfQu\u00e9 hace especial a MiGFlug?<\/strong><br>MiGFlug opera como una peque\u00f1a empresa altamente profesional sin intermediarios, centrada exclusivamente en experiencias con aviones de combate. Desde la reserva hasta el vuelo, su enfoque centrado en el cliente garantiza una aventura perfecta y memorable, con el apoyo de pilotos especializados.<\/p>\n\n\n\n<p><strong>Antecedentes de la empresa<\/strong><br>Con sede en Z\u00farich, MiGFlug GmbH se inspir\u00f3 en los viajes de Philipp y Flavio por Europa del Este, donde un vuelo improvisado con un piloto militar ruso despert\u00f3 la idea. Tras superar los tr\u00e1mites militares rusos, pusieron estas extraordinarias experiencias a disposici\u00f3n de todo el mundo. En los \u00faltimos 20 a\u00f1os, MiGFlug ha ofrecido vuelos en aviones emblem\u00e1ticos como el <strong>MiG-21, MiG-23, MiG-25, MiG-29, SU-27, Buccaneer, English Electric Lightning, Hawker Hunter, L-39 Albatros,<\/strong> y mucho m\u00e1s. En particular, MiGFlug fue el pionero en<strong> Vuelos MiG-29 desde el aer\u00f3dromo de Nizhni N\u00f3vgorod Sormovo<\/strong>. Hoy en d\u00eda, MiGFlug sigue expandi\u00e9ndose por todo el mundo, ofreci\u00e9ndote aventuras de alta calidad, seguras y emocionantes con aviones de combate.<\/p>\n\n\n\n<div class=\"wp-block-buttons is-content-justification-center is-layout-flex wp-container-core-buttons-is-layout-16018d1d wp-block-buttons-is-layout-flex\">\n<div class=\"wp-block-button is-style-default\"><a class=\"wp-block-button__link has-nv-dark-bg-color has-neve-link-color-background-color has-text-color has-background has-link-color wp-element-button\" href=\"https:\/\/fighter-jet-rides.com\/es\/#map\" style=\"border-radius:10px\">Elija su ubicaci\u00f3n ahora<\/a><\/div>\n<\/div>\n\n\n\n<p><\/p>","protected":false},"excerpt":{"rendered":"<p>Fighter-Jet-Rides es una marca de MiGFlug MiGFlug, fundada en 2004 por los entusiastas de la aviaci\u00f3n Philipp Schaer y Flavio Kaufmann en Z\u00farich (Suiza), est\u00e1 especializada en ofrecer experiencias de vuelo en aviones de combate. La empresa da prioridad a la seguridad, seleccionando los mejores aviones, pilotos y aer\u00f3dromos, y ha mantenido un impecable historial de seguridad en miles de vuelos. MissionMiGFlug tiene como objetivo...&nbsp;<a href=\"https:\/\/fighter-jet-rides.com\/es\/acerca-de-nosotros\/\" rel=\"bookmark\">Leer m\u00e1s \"<span class=\"screen-reader-text\">Qui\u00e9nes somos<\/span><\/a><\/p>","protected":false},"author":1,"featured_media":0,"parent":0,"menu_order":0,"comment_status":"closed","ping_status":"closed","template":"","meta":{"neve_meta_sidebar":"","neve_meta_container":"","neve_meta_enable_content_width":"","neve_meta_content_width":0,"neve_meta_title_alignment":"","neve_meta_author_avatar":"","neve_post_elements_order":"","neve_meta_disable_header":"","neve_meta_disable_footer":"","neve_meta_disable_title":"","footnotes":""},"class_list":["post-646","page","type-page","status-publish","hentry"],"_links":{"self":[{"href":"https:\/\/fighter-jet-rides.com\/es\/wp-json\/wp\/v2\/pages\/646","targetHints":{"allow":["GET"]}}],"collection":[{"href":"https:\/\/fighter-jet-rides.com\/es\/wp-json\/wp\/v2\/pages"}],"about":[{"href":"https:\/\/fighter-jet-rides.com\/es\/wp-json\/wp\/v2\/types\/page"}],"author":[{"embeddable":true,"href":"https:\/\/fighter-jet-rides.com\/es\/wp-json\/wp\/v2\/users\/1"}],"replies":[{"embeddable":true,"href":"https:\/\/fighter-jet-rides.com\/es\/wp-json\/wp\/v2\/comments?post=646"}],"version-history":[{"count":2,"href":"https:\/\/fighter-jet-rides.com\/es\/wp-json\/wp\/v2\/pages\/646\/revisions"}],"predecessor-version":[{"id":778,"href":"https:\/\/fighter-jet-rides.com\/es\/wp-json\/wp\/v2\/pages\/646\/revisions\/778"}],"wp:attachment":[{"href":"https:\/\/fighter-jet-rides.com\/es\/wp-json\/wp\/v2\/media?parent=646"}],"curies":[{"name":"wp","href":"https:\/\/api.w.org\/{rel}","templated":true}]}}