{"id":646,"date":"2024-12-17T22:38:44","date_gmt":"2024-12-17T22:38:44","guid":{"rendered":"https:\/\/fighter-jet-rides.com\/?page_id=646"},"modified":"2024-12-27T09:47:28","modified_gmt":"2024-12-27T09:47:28","slug":"about-us","status":"publish","type":"page","link":"https:\/\/fighter-jet-rides.com\/fr\/a-propos-de-nous\/","title":{"rendered":"\u00c0 propos de nous"},"content":{"rendered":"<figure class=\"wp-block-image size-large is-resized\"><img loading=\"lazy\" decoding=\"async\" width=\"1024\" height=\"335\" src=\"https:\/\/fighter-jet-rides.com\/wp-content\/uploads\/2024\/12\/migflug-logo-1024x335.png\" alt=\"\" class=\"wp-image-641\" style=\"width:131px;height:auto\" srcset=\"https:\/\/fighter-jet-rides.com\/wp-content\/uploads\/2024\/12\/migflug-logo-1024x335.png 1024w, https:\/\/fighter-jet-rides.com\/wp-content\/uploads\/2024\/12\/migflug-logo-300x98.png 300w, https:\/\/fighter-jet-rides.com\/wp-content\/uploads\/2024\/12\/migflug-logo-768x252.png 768w, https:\/\/fighter-jet-rides.com\/wp-content\/uploads\/2024\/12\/migflug-logo-1536x503.png 1536w, https:\/\/fighter-jet-rides.com\/wp-content\/uploads\/2024\/12\/migflug-logo-18x6.png 18w, https:\/\/fighter-jet-rides.com\/wp-content\/uploads\/2024\/12\/migflug-logo.png 1600w\" sizes=\"auto, (max-width: 1024px) 100vw, 1024px\" \/><\/figure>\n\n\n\n<p><strong>Fighter-Jet-Rides est une marque de MiGFlug<\/strong><br><br>MiGFlug, fond\u00e9e en 2004 par Philipp Schaer et Flavio Kaufmann, deux passionn\u00e9s d'aviation, \u00e0 Zurich, en Suisse, est sp\u00e9cialis\u00e9e dans les vols en avion de chasse. L'entreprise donne la priorit\u00e9 \u00e0 la s\u00e9curit\u00e9 en s\u00e9lectionnant les meilleurs avions, pilotes et a\u00e9rodromes, et a maintenu un niveau de s\u00e9curit\u00e9 irr\u00e9prochable au cours de milliers de vols.<\/p>\n\n\n\n<p><strong>La mission<\/strong><br>MiGFlug vise \u00e0 rendre les vols en avion de chasse accessibles et abordables pour les passionn\u00e9s d'aviation et les amateurs de sensations fortes, en leur offrant des aventures inoubliables et riches en adr\u00e9naline.<\/p>\n\n\n\n<p><strong>Qu'est-ce qui fait la sp\u00e9cificit\u00e9 de MiGFlug ?<\/strong><br>MiGFlug est une petite entreprise tr\u00e8s professionnelle, sans interm\u00e9diaire, qui se concentre uniquement sur les exp\u00e9riences en avion de chasse. De la r\u00e9servation au vol, leur approche centr\u00e9e sur le client garantit une aventure sans faille et m\u00e9morable, avec le soutien de pilotes d\u00e9vou\u00e9s.<\/p>\n\n\n\n<p><strong>Historique de l'entreprise<\/strong><br>Bas\u00e9e \u00e0 Zurich, MiGFlug GmbH a \u00e9t\u00e9 inspir\u00e9e par les voyages de Philipp et Flavio en Europe de l'Est, o\u00f9 un vol impromptu avec un pilote militaire russe a fait germer l'id\u00e9e. Apr\u00e8s avoir suivi les proc\u00e9dures militaires russes, ils ont mis ces exp\u00e9riences extraordinaires \u00e0 la disposition du monde entier. Au cours des 20 derni\u00e8res ann\u00e9es, MiGFlug a propos\u00e9 des vols \u00e0 bord d'avions embl\u00e9matiques tels que le <strong>MiG-21, MiG-23, MiG-25, MiG-29, SU-27, Buccaneer, English Electric Lightning, Hawker Hunter, L-39 Albatros,<\/strong> et bien d'autres choses encore. En particulier, MiGFlug a \u00e9t\u00e9 le pionnier de l'utilisation de la technologie de l'information dans le domaine de la sant\u00e9.<strong> Vols de MiG-29 \u00e0 partir de l'a\u00e9rodrome Sormovo de Nijni Novgorod<\/strong>. Aujourd'hui, MiGFlug continue de se d\u00e9velopper \u00e0 l'\u00e9chelle mondiale et vous propose des aventures en avion de chasse de grande qualit\u00e9, s\u00fbres et palpitantes.<\/p>\n\n\n\n<div class=\"wp-block-buttons is-content-justification-center is-layout-flex wp-container-core-buttons-is-layout-16018d1d wp-block-buttons-is-layout-flex\">\n<div class=\"wp-block-button is-style-default\"><a class=\"wp-block-button__link has-nv-dark-bg-color has-neve-link-color-background-color has-text-color has-background has-link-color wp-element-button\" href=\"https:\/\/fighter-jet-rides.com\/fr\/#map\" style=\"border-radius:10px\">Choisissez votre emplacement maintenant<\/a><\/div>\n<\/div>\n\n\n\n<p><\/p>","protected":false},"excerpt":{"rendered":"<p>Fighter-Jet-Rides est une marque de MiGFlug MiGFlug, fond\u00e9e en 2004 par Philipp Schaer et Flavio Kaufmann, deux passionn\u00e9s d'aviation, \u00e0 Zurich, en Suisse, est sp\u00e9cialis\u00e9e dans l'offre d'exp\u00e9riences de vol en avion de chasse. La soci\u00e9t\u00e9 donne la priorit\u00e9 \u00e0 la s\u00e9curit\u00e9 en s\u00e9lectionnant les meilleurs avions, pilotes et a\u00e9rodromes, et a maintenu un niveau de s\u00e9curit\u00e9 irr\u00e9prochable sur des milliers de vols. MissionMiGFlug vise \u00e0 rendre les avions de chasse...&nbsp;<a href=\"https:\/\/fighter-jet-rides.com\/fr\/a-propos-de-nous\/\" rel=\"bookmark\">Lire la suite \"<span class=\"screen-reader-text\">\u00c0 propos de nous<\/span><\/a><\/p>","protected":false},"author":1,"featured_media":0,"parent":0,"menu_order":0,"comment_status":"closed","ping_status":"closed","template":"","meta":{"neve_meta_sidebar":"","neve_meta_container":"","neve_meta_enable_content_width":"","neve_meta_content_width":0,"neve_meta_title_alignment":"","neve_meta_author_avatar":"","neve_post_elements_order":"","neve_meta_disable_header":"","neve_meta_disable_footer":"","neve_meta_disable_title":"","footnotes":""},"class_list":["post-646","page","type-page","status-publish","hentry"],"_links":{"self":[{"href":"https:\/\/fighter-jet-rides.com\/fr\/wp-json\/wp\/v2\/pages\/646","targetHints":{"allow":["GET"]}}],"collection":[{"href":"https:\/\/fighter-jet-rides.com\/fr\/wp-json\/wp\/v2\/pages"}],"about":[{"href":"https:\/\/fighter-jet-rides.com\/fr\/wp-json\/wp\/v2\/types\/page"}],"author":[{"embeddable":true,"href":"https:\/\/fighter-jet-rides.com\/fr\/wp-json\/wp\/v2\/users\/1"}],"replies":[{"embeddable":true,"href":"https:\/\/fighter-jet-rides.com\/fr\/wp-json\/wp\/v2\/comments?post=646"}],"version-history":[{"count":2,"href":"https:\/\/fighter-jet-rides.com\/fr\/wp-json\/wp\/v2\/pages\/646\/revisions"}],"predecessor-version":[{"id":778,"href":"https:\/\/fighter-jet-rides.com\/fr\/wp-json\/wp\/v2\/pages\/646\/revisions\/778"}],"wp:attachment":[{"href":"https:\/\/fighter-jet-rides.com\/fr\/wp-json\/wp\/v2\/media?parent=646"}],"curies":[{"name":"wp","href":"https:\/\/api.w.org\/{rel}","templated":true}]}}