{"id":776,"date":"2024-12-26T23:08:51","date_gmt":"2024-12-26T23:08:51","guid":{"rendered":"https:\/\/fighter-jet-rides.com\/?page_id=776"},"modified":"2024-12-26T23:08:51","modified_gmt":"2024-12-26T23:08:51","slug":"fighter-jet-experience-california","status":"publish","type":"page","link":"https:\/\/fighter-jet-rides.com\/fr\/experience-en-avion-de-chasse-en-californie\/","title":{"rendered":"Exp\u00e9rience \u00e0 bord d'un avion de chasse en Californie"},"content":{"rendered":"<div style=\"border: 2px solid #007bff; background-color: #f8f9fa; color: #333; padding: 20px; max-width: 600px; margin: 20px auto; border-radius: 5px; font-family: Arial, sans-serif; text-align: center;\">\n    <p><strong>Ce site a d\u00e9m\u00e9nag\u00e9<\/strong> - veuillez consulter :<\/p>\n    <p><a href=\"https:\/\/migflug.com\/flights-prices\/l-39-california-usa\/\" target=\"_blank\" style=\"color: #007bff; text-decoration: none; font-weight: bold;\">https:\/\/migflug.com\/flights-prices\/l-39-california-usa\/<\/a><\/p>\n<\/div>","protected":false},"excerpt":{"rendered":"<p>Ce site a \u00e9t\u00e9 d\u00e9plac\u00e9 - veuillez consulter : https:\/\/migflug.com\/flights-prices\/l-39-california-usa\/<\/p>","protected":false},"author":1,"featured_media":0,"parent":0,"menu_order":0,"comment_status":"closed","ping_status":"closed","template":"","meta":{"neve_meta_sidebar":"","neve_meta_container":"","neve_meta_enable_content_width":"","neve_meta_content_width":0,"neve_meta_title_alignment":"","neve_meta_author_avatar":"","neve_post_elements_order":"","neve_meta_disable_header":"","neve_meta_disable_footer":"","neve_meta_disable_title":"","footnotes":""},"class_list":["post-776","page","type-page","status-publish","hentry"],"_links":{"self":[{"href":"https:\/\/fighter-jet-rides.com\/fr\/wp-json\/wp\/v2\/pages\/776","targetHints":{"allow":["GET"]}}],"collection":[{"href":"https:\/\/fighter-jet-rides.com\/fr\/wp-json\/wp\/v2\/pages"}],"about":[{"href":"https:\/\/fighter-jet-rides.com\/fr\/wp-json\/wp\/v2\/types\/page"}],"author":[{"embeddable":true,"href":"https:\/\/fighter-jet-rides.com\/fr\/wp-json\/wp\/v2\/users\/1"}],"replies":[{"embeddable":true,"href":"https:\/\/fighter-jet-rides.com\/fr\/wp-json\/wp\/v2\/comments?post=776"}],"version-history":[{"count":1,"href":"https:\/\/fighter-jet-rides.com\/fr\/wp-json\/wp\/v2\/pages\/776\/revisions"}],"predecessor-version":[{"id":777,"href":"https:\/\/fighter-jet-rides.com\/fr\/wp-json\/wp\/v2\/pages\/776\/revisions\/777"}],"wp:attachment":[{"href":"https:\/\/fighter-jet-rides.com\/fr\/wp-json\/wp\/v2\/media?parent=776"}],"curies":[{"name":"wp","href":"https:\/\/api.w.org\/{rel}","templated":true}]}}