{"id":646,"date":"2024-12-17T22:38:44","date_gmt":"2024-12-17T22:38:44","guid":{"rendered":"https:\/\/fighter-jet-rides.com\/?page_id=646"},"modified":"2024-12-27T09:47:28","modified_gmt":"2024-12-27T09:47:28","slug":"about-us","status":"publish","type":"page","link":"https:\/\/fighter-jet-rides.com\/it\/chi-siamo\/","title":{"rendered":"Chi siamo"},"content":{"rendered":"<figure class=\"wp-block-image size-large is-resized\"><img loading=\"lazy\" decoding=\"async\" width=\"1024\" height=\"335\" src=\"https:\/\/fighter-jet-rides.com\/wp-content\/uploads\/2024\/12\/migflug-logo-1024x335.png\" alt=\"\" class=\"wp-image-641\" style=\"width:131px;height:auto\" srcset=\"https:\/\/fighter-jet-rides.com\/wp-content\/uploads\/2024\/12\/migflug-logo-1024x335.png 1024w, https:\/\/fighter-jet-rides.com\/wp-content\/uploads\/2024\/12\/migflug-logo-300x98.png 300w, https:\/\/fighter-jet-rides.com\/wp-content\/uploads\/2024\/12\/migflug-logo-768x252.png 768w, https:\/\/fighter-jet-rides.com\/wp-content\/uploads\/2024\/12\/migflug-logo-1536x503.png 1536w, https:\/\/fighter-jet-rides.com\/wp-content\/uploads\/2024\/12\/migflug-logo-18x6.png 18w, https:\/\/fighter-jet-rides.com\/wp-content\/uploads\/2024\/12\/migflug-logo.png 1600w\" sizes=\"auto, (max-width: 1024px) 100vw, 1024px\" \/><\/figure>\n\n\n\n<p><strong>Fighter-Jet-Rides \u00e8 un marchio di MiGFlug<\/strong><br><br>MiGFlug, fondata nel 2004 da Philipp Schaer e Flavio Kaufmann, appassionati di aviazione, a Zurigo, in Svizzera, \u00e8 specializzata nell'offrire esperienze di volo con jet da combattimento. L'azienda d\u00e0 priorit\u00e0 alla sicurezza, selezionando i migliori aerei, piloti e campi di volo, e ha mantenuto un record di sicurezza impeccabile in migliaia di voli.<\/p>\n\n\n\n<p><strong>Missione<\/strong><br>MiGFlug mira a rendere i voli dei jet da combattimento accessibili e convenienti per gli appassionati di aviazione e gli amanti del brivido, offrendo avventure indimenticabili e adrenaliniche.<\/p>\n\n\n\n<p><strong>Cosa rende speciale MiGFlug?<\/strong><br>MiGFlug opera come una piccola societ\u00e0 altamente professionale senza intermediari, concentrandosi esclusivamente sulle esperienze con i jet da combattimento. Dalla prenotazione al volo, il loro approccio incentrato sul cliente assicura un'avventura memorabile e senza interruzioni, con il supporto di piloti dedicati.<\/p>\n\n\n\n<p><strong>Profilo dell'azienda<\/strong><br>Con sede a Zurigo, MiGFlug GmbH \u00e8 stata ispirata dai viaggi di Philipp e Flavio nell'Europa dell'Est, dove un volo improvvisato con un pilota militare russo ha dato vita all'idea. Dopo aver superato le procedure militari russe, hanno reso disponibili queste esperienze straordinarie in tutto il mondo. Negli ultimi 20 anni, MiGFlug ha offerto voli a bordo di aerei iconici come il <strong>MiG-21, MiG-23, MiG-25, MiG-29, SU-27, Buccaneer, English Electric Lightning, Hawker Hunter, L-39 Albatros,<\/strong> e altro ancora. In particolare, MiGFlug \u00e8 stato il pioniere della<strong> Voli MiG-29 dall'aeroporto di Nizhny Novgorod Sormovo<\/strong>. Oggi MiGFlug continua a espandersi a livello globale, offrendo avventure di alta qualit\u00e0, sicure ed emozionanti con i jet da combattimento.<\/p>\n\n\n\n<div class=\"wp-block-buttons is-content-justification-center is-layout-flex wp-container-core-buttons-is-layout-16018d1d wp-block-buttons-is-layout-flex\">\n<div class=\"wp-block-button is-style-default\"><a class=\"wp-block-button__link has-nv-dark-bg-color has-neve-link-color-background-color has-text-color has-background has-link-color wp-element-button\" href=\"https:\/\/fighter-jet-rides.com\/it\/#map\" style=\"border-radius:10px\">Scegliete ora la vostra posizione<\/a><\/div>\n<\/div>\n\n\n\n<p><\/p>","protected":false},"excerpt":{"rendered":"<p>Fighter-Jet-Rides \u00e8 un marchio di MiGFlug MiGFlug, fondata nel 2004 da Philipp Schaer e Flavio Kaufmann, appassionati di aviazione, a Zurigo, in Svizzera, \u00e8 specializzata nell'offrire esperienze di volo con jet da combattimento. L'azienda d\u00e0 priorit\u00e0 alla sicurezza, selezionando i migliori aerei, piloti e campi di volo, e ha mantenuto un record di sicurezza impeccabile in migliaia di voli. MissionMiGFlug mira a rendere i caccia...&nbsp;<a href=\"https:\/\/fighter-jet-rides.com\/it\/chi-siamo\/\" rel=\"bookmark\">Leggi tutto \"<span class=\"screen-reader-text\">Chi siamo<\/span><\/a><\/p>","protected":false},"author":1,"featured_media":0,"parent":0,"menu_order":0,"comment_status":"closed","ping_status":"closed","template":"","meta":{"neve_meta_sidebar":"","neve_meta_container":"","neve_meta_enable_content_width":"","neve_meta_content_width":0,"neve_meta_title_alignment":"","neve_meta_author_avatar":"","neve_post_elements_order":"","neve_meta_disable_header":"","neve_meta_disable_footer":"","neve_meta_disable_title":"","footnotes":""},"class_list":["post-646","page","type-page","status-publish","hentry"],"_links":{"self":[{"href":"https:\/\/fighter-jet-rides.com\/it\/wp-json\/wp\/v2\/pages\/646","targetHints":{"allow":["GET"]}}],"collection":[{"href":"https:\/\/fighter-jet-rides.com\/it\/wp-json\/wp\/v2\/pages"}],"about":[{"href":"https:\/\/fighter-jet-rides.com\/it\/wp-json\/wp\/v2\/types\/page"}],"author":[{"embeddable":true,"href":"https:\/\/fighter-jet-rides.com\/it\/wp-json\/wp\/v2\/users\/1"}],"replies":[{"embeddable":true,"href":"https:\/\/fighter-jet-rides.com\/it\/wp-json\/wp\/v2\/comments?post=646"}],"version-history":[{"count":2,"href":"https:\/\/fighter-jet-rides.com\/it\/wp-json\/wp\/v2\/pages\/646\/revisions"}],"predecessor-version":[{"id":778,"href":"https:\/\/fighter-jet-rides.com\/it\/wp-json\/wp\/v2\/pages\/646\/revisions\/778"}],"wp:attachment":[{"href":"https:\/\/fighter-jet-rides.com\/it\/wp-json\/wp\/v2\/media?parent=646"}],"curies":[{"name":"wp","href":"https:\/\/api.w.org\/{rel}","templated":true}]}}