{"id":646,"date":"2024-12-17T22:38:44","date_gmt":"2024-12-17T22:38:44","guid":{"rendered":"https:\/\/fighter-jet-rides.com\/?page_id=646"},"modified":"2024-12-27T09:47:28","modified_gmt":"2024-12-27T09:47:28","slug":"about-us","status":"publish","type":"page","link":"https:\/\/fighter-jet-rides.com\/pt\/sobre-nos\/","title":{"rendered":"Sobre n\u00f3s"},"content":{"rendered":"<figure class=\"wp-block-image size-large is-resized\"><img loading=\"lazy\" decoding=\"async\" width=\"1024\" height=\"335\" src=\"https:\/\/fighter-jet-rides.com\/wp-content\/uploads\/2024\/12\/migflug-logo-1024x335.png\" alt=\"\" class=\"wp-image-641\" style=\"width:131px;height:auto\" srcset=\"https:\/\/fighter-jet-rides.com\/wp-content\/uploads\/2024\/12\/migflug-logo-1024x335.png 1024w, https:\/\/fighter-jet-rides.com\/wp-content\/uploads\/2024\/12\/migflug-logo-300x98.png 300w, https:\/\/fighter-jet-rides.com\/wp-content\/uploads\/2024\/12\/migflug-logo-768x252.png 768w, https:\/\/fighter-jet-rides.com\/wp-content\/uploads\/2024\/12\/migflug-logo-1536x503.png 1536w, https:\/\/fighter-jet-rides.com\/wp-content\/uploads\/2024\/12\/migflug-logo-18x6.png 18w, https:\/\/fighter-jet-rides.com\/wp-content\/uploads\/2024\/12\/migflug-logo.png 1600w\" sizes=\"auto, (max-width: 1024px) 100vw, 1024px\" \/><\/figure>\n\n\n\n<p><strong>Fighter-Jet-Rides \u00e9 uma marca da MiGFlug<\/strong><br><br>A MiGFlug, fundada em 2004 pelos entusiastas da avia\u00e7\u00e3o Philipp Schaer e Flavio Kaufmann em Zurique, na Su\u00ed\u00e7a, \u00e9 especializada em oferecer experi\u00eancias de voo em avi\u00f5es de ca\u00e7a. A empresa d\u00e1 prioridade \u00e0 seguran\u00e7a, selecionando os melhores avi\u00f5es, pilotos e aer\u00f3dromos, e tem mantido um registo de seguran\u00e7a impec\u00e1vel ao longo de milhares de voos.<\/p>\n\n\n\n<p><strong>Miss\u00e3o<\/strong><br>O objetivo do MiGFlug \u00e9 tornar os voos a jato acess\u00edveis e econ\u00f3micos para os entusiastas da avia\u00e7\u00e3o e os amantes da emo\u00e7\u00e3o, proporcionando aventuras inesquec\u00edveis e cheias de adrenalina.<\/p>\n\n\n\n<p><strong>O que torna o MiGFlug especial?<\/strong><br>A MiGFlug opera como uma empresa pequena e altamente profissional, sem intermedi\u00e1rios, concentrando-se apenas em experi\u00eancias com jactos de combate. Desde a reserva at\u00e9 ao voo, a sua abordagem centrada no cliente assegura uma aventura inesquec\u00edvel e sem falhas, apoiada por pilotos dedicados.<\/p>\n\n\n\n<p><strong>Antecedentes da empresa<\/strong><br>Sediada em Zurique, a MiGFlug GmbH foi inspirada durante as viagens de Philipp e Flavio na Europa de Leste, onde um voo improvisado com um piloto militar russo deu origem \u00e0 ideia. Depois de navegarem pelos processos militares russos, tornaram estas experi\u00eancias extraordin\u00e1rias dispon\u00edveis em todo o mundo. Nos \u00faltimos 20 anos, a MiGFlug ofereceu voos em avi\u00f5es ic\u00f3nicos, como o <strong>MiG-21, MiG-23, MiG-25, MiG-29, SU-27, Buccaneer, English Electric Lightning, Hawker Hunter, L-39 Albatros,<\/strong> e muito mais. Nomeadamente, o MiGFlug foi o pioneiro<strong> Voos de MiG-29 a partir do aer\u00f3dromo de Nizhny Novgorod Sormovo<\/strong>. Atualmente, a MiGFlug continua a expandir-se globalmente, proporcionando-lhe aventuras de alta qualidade, seguras e emocionantes a jato de combate.<\/p>\n\n\n\n<div class=\"wp-block-buttons is-content-justification-center is-layout-flex wp-container-core-buttons-is-layout-16018d1d wp-block-buttons-is-layout-flex\">\n<div class=\"wp-block-button is-style-default\"><a class=\"wp-block-button__link has-nv-dark-bg-color has-neve-link-color-background-color has-text-color has-background has-link-color wp-element-button\" href=\"https:\/\/fighter-jet-rides.com\/pt\/#map\" style=\"border-radius:10px\">Escolha a sua localiza\u00e7\u00e3o agora<\/a><\/div>\n<\/div>\n\n\n\n<p><\/p>","protected":false},"excerpt":{"rendered":"<p>A Fighter-Jet-Rides \u00e9 uma marca da MiGFlug A MiGFlug, fundada em 2004 pelos entusiastas da avia\u00e7\u00e3o Philipp Schaer e Flavio Kaufmann em Zurique, na Su\u00ed\u00e7a, \u00e9 especializada em oferecer experi\u00eancias de voo em avi\u00f5es de ca\u00e7a. A empresa d\u00e1 prioridade \u00e0 seguran\u00e7a, selecionando os melhores avi\u00f5es, pilotos e aer\u00f3dromos, e tem mantido um registo de seguran\u00e7a impec\u00e1vel ao longo de milhares de voos. O objetivo da MissionMiGFlug \u00e9 tornar os avi\u00f5es de ca\u00e7a...&nbsp;<a href=\"https:\/\/fighter-jet-rides.com\/pt\/sobre-nos\/\" rel=\"bookmark\">Ler mais \"<span class=\"screen-reader-text\">Sobre n\u00f3s<\/span><\/a><\/p>","protected":false},"author":1,"featured_media":0,"parent":0,"menu_order":0,"comment_status":"closed","ping_status":"closed","template":"","meta":{"neve_meta_sidebar":"","neve_meta_container":"","neve_meta_enable_content_width":"","neve_meta_content_width":0,"neve_meta_title_alignment":"","neve_meta_author_avatar":"","neve_post_elements_order":"","neve_meta_disable_header":"","neve_meta_disable_footer":"","neve_meta_disable_title":"","footnotes":""},"class_list":["post-646","page","type-page","status-publish","hentry"],"_links":{"self":[{"href":"https:\/\/fighter-jet-rides.com\/pt\/wp-json\/wp\/v2\/pages\/646","targetHints":{"allow":["GET"]}}],"collection":[{"href":"https:\/\/fighter-jet-rides.com\/pt\/wp-json\/wp\/v2\/pages"}],"about":[{"href":"https:\/\/fighter-jet-rides.com\/pt\/wp-json\/wp\/v2\/types\/page"}],"author":[{"embeddable":true,"href":"https:\/\/fighter-jet-rides.com\/pt\/wp-json\/wp\/v2\/users\/1"}],"replies":[{"embeddable":true,"href":"https:\/\/fighter-jet-rides.com\/pt\/wp-json\/wp\/v2\/comments?post=646"}],"version-history":[{"count":2,"href":"https:\/\/fighter-jet-rides.com\/pt\/wp-json\/wp\/v2\/pages\/646\/revisions"}],"predecessor-version":[{"id":778,"href":"https:\/\/fighter-jet-rides.com\/pt\/wp-json\/wp\/v2\/pages\/646\/revisions\/778"}],"wp:attachment":[{"href":"https:\/\/fighter-jet-rides.com\/pt\/wp-json\/wp\/v2\/media?parent=646"}],"curies":[{"name":"wp","href":"https:\/\/api.w.org\/{rel}","templated":true}]}}