{"id":646,"date":"2024-12-17T22:38:44","date_gmt":"2024-12-17T22:38:44","guid":{"rendered":"https:\/\/fighter-jet-rides.com\/?page_id=646"},"modified":"2024-12-27T09:47:28","modified_gmt":"2024-12-27T09:47:28","slug":"about-us","status":"publish","type":"page","link":"https:\/\/fighter-jet-rides.com\/ro\/despre-noi\/","title":{"rendered":"Despre noi"},"content":{"rendered":"<figure class=\"wp-block-image size-large is-resized\"><img loading=\"lazy\" decoding=\"async\" width=\"1024\" height=\"335\" src=\"https:\/\/fighter-jet-rides.com\/wp-content\/uploads\/2024\/12\/migflug-logo-1024x335.png\" alt=\"\" class=\"wp-image-641\" style=\"width:131px;height:auto\" srcset=\"https:\/\/fighter-jet-rides.com\/wp-content\/uploads\/2024\/12\/migflug-logo-1024x335.png 1024w, https:\/\/fighter-jet-rides.com\/wp-content\/uploads\/2024\/12\/migflug-logo-300x98.png 300w, https:\/\/fighter-jet-rides.com\/wp-content\/uploads\/2024\/12\/migflug-logo-768x252.png 768w, https:\/\/fighter-jet-rides.com\/wp-content\/uploads\/2024\/12\/migflug-logo-1536x503.png 1536w, https:\/\/fighter-jet-rides.com\/wp-content\/uploads\/2024\/12\/migflug-logo-18x6.png 18w, https:\/\/fighter-jet-rides.com\/wp-content\/uploads\/2024\/12\/migflug-logo.png 1600w\" sizes=\"auto, (max-width: 1024px) 100vw, 1024px\" \/><\/figure>\n\n\n\n<p><strong>Fighter-Jet-Rides este o marc\u0103 a MiGFlug<\/strong><br><br>MiGFlug, fondat\u0103 \u00een 2004 de pasiona\u021bii de avia\u021bie Philipp Schaer \u0219i Flavio Kaufmann \u00een Zurich, Elve\u021bia, este specializat\u0103 \u00een oferirea de experien\u021be de zbor cu avioane de lupt\u0103. Compania acord\u0103 prioritate siguran\u021bei, select\u00e2nd cele mai bune aeronave, pilo\u021bi \u0219i aerodromuri, \u0219i a men\u021binut un record de siguran\u021b\u0103 impecabil \u00een mii de zboruri.<\/p>\n\n\n\n<p><strong>Misiune<\/strong><br>MiGFlug \u00ee\u0219i propune s\u0103 fac\u0103 zborurile cu avioane de lupt\u0103 accesibile \u0219i la pre\u021buri rezonabile pentru pasiona\u021bii de avia\u021bie \u0219i pentru cei care caut\u0103 senza\u021bii tari, oferind aventuri de neuitat, pline de adrenalin\u0103.<\/p>\n\n\n\n<p><strong>Ce face MiGFlug special?<\/strong><br>MiGFlug func\u021bioneaz\u0103 ca o companie mic\u0103, foarte profesionist\u0103, f\u0103r\u0103 intermediari, concentr\u00e2ndu-se exclusiv pe experien\u021be cu avioane de lupt\u0103. De la rezervare p\u00e2n\u0103 la zbor, abordarea lor centrat\u0103 pe client asigur\u0103 o aventur\u0103 f\u0103r\u0103 cusur \u0219i memorabil\u0103, sus\u021binut\u0103 de pilo\u021bi dedica\u021bi.<\/p>\n\n\n\n<p><strong>Trecutul companiei<\/strong><br>Cu sediul central \u00een Zurich, MiGFlug GmbH a fost inspirat\u0103 \u00een timpul c\u0103l\u0103toriilor lui Philipp \u0219i Flavio \u00een Europa de Est, unde un zbor impromptu cu un pilot militar rus a declan\u0219at ideea. Dup\u0103 ce au trecut prin procedurile militare ruse\u0219ti, ei au f\u0103cut ca aceste experien\u021be extraordinare s\u0103 fie disponibile \u00een \u00eentreaga lume. \u00cen ultimii 20 de ani, MiGFlug a oferit zboruri cu aeronave emblematice, cum ar fi <strong>MiG-21, MiG-23, MiG-25, MiG-29, SU-27, Buccaneer, English Electric Lightning, Hawker Hunter, L-39 Albatros,<\/strong> \u0219i multe altele. \u00cen special, MiGFlug a fost pionierul<strong> Zboruri MiG-29 de pe Aerodromul Sormovo din Nijni Novgorod<\/strong>. Ast\u0103zi, MiGFlug continu\u0103 s\u0103 se extind\u0103 la nivel global, oferindu-v\u0103 aventuri cu avioane de lupt\u0103 de \u00eenalt\u0103 calitate, sigure \u0219i palpitante.<\/p>\n\n\n\n<div class=\"wp-block-buttons is-content-justification-center is-layout-flex wp-container-core-buttons-is-layout-16018d1d wp-block-buttons-is-layout-flex\">\n<div class=\"wp-block-button is-style-default\"><a class=\"wp-block-button__link has-nv-dark-bg-color has-neve-link-color-background-color has-text-color has-background has-link-color wp-element-button\" href=\"https:\/\/fighter-jet-rides.com\/ro\/#map\" style=\"border-radius:10px\">Alege\u021bi loca\u021bia dvs. acum<\/a><\/div>\n<\/div>\n\n\n\n<p><\/p>","protected":false},"excerpt":{"rendered":"<p>Fighter-Jet-Rides este o marc\u0103 a MiGFlug MiGFlug, fondat\u0103 \u00een 2004 de c\u0103tre pasiona\u021bii de avia\u021bie Philipp Schaer \u0219i Flavio Kaufmann \u00een Zurich, Elve\u021bia, este specializat\u0103 \u00een oferirea de experien\u021be de zbor cu avioane de lupt\u0103. Compania prioritizeaz\u0103 siguran\u021ba, select\u00e2nd cele mai bune aeronave, pilo\u021bi \u0219i aerodromuri, \u0219i a men\u021binut un record de siguran\u021b\u0103 impecabil \u00een mii de zboruri. MissionMiGFlug \u00ee\u0219i propune s\u0103 fac\u0103 din avioanele de lupt\u0103...&nbsp;<a href=\"https:\/\/fighter-jet-rides.com\/ro\/despre-noi\/\" rel=\"bookmark\">Cite\u0219te mai mult \"<span class=\"screen-reader-text\">Despre noi<\/span><\/a><\/p>","protected":false},"author":1,"featured_media":0,"parent":0,"menu_order":0,"comment_status":"closed","ping_status":"closed","template":"","meta":{"neve_meta_sidebar":"","neve_meta_container":"","neve_meta_enable_content_width":"","neve_meta_content_width":0,"neve_meta_title_alignment":"","neve_meta_author_avatar":"","neve_post_elements_order":"","neve_meta_disable_header":"","neve_meta_disable_footer":"","neve_meta_disable_title":"","footnotes":""},"class_list":["post-646","page","type-page","status-publish","hentry"],"_links":{"self":[{"href":"https:\/\/fighter-jet-rides.com\/ro\/wp-json\/wp\/v2\/pages\/646","targetHints":{"allow":["GET"]}}],"collection":[{"href":"https:\/\/fighter-jet-rides.com\/ro\/wp-json\/wp\/v2\/pages"}],"about":[{"href":"https:\/\/fighter-jet-rides.com\/ro\/wp-json\/wp\/v2\/types\/page"}],"author":[{"embeddable":true,"href":"https:\/\/fighter-jet-rides.com\/ro\/wp-json\/wp\/v2\/users\/1"}],"replies":[{"embeddable":true,"href":"https:\/\/fighter-jet-rides.com\/ro\/wp-json\/wp\/v2\/comments?post=646"}],"version-history":[{"count":2,"href":"https:\/\/fighter-jet-rides.com\/ro\/wp-json\/wp\/v2\/pages\/646\/revisions"}],"predecessor-version":[{"id":778,"href":"https:\/\/fighter-jet-rides.com\/ro\/wp-json\/wp\/v2\/pages\/646\/revisions\/778"}],"wp:attachment":[{"href":"https:\/\/fighter-jet-rides.com\/ro\/wp-json\/wp\/v2\/media?parent=646"}],"curies":[{"name":"wp","href":"https:\/\/api.w.org\/{rel}","templated":true}]}}