{"id":646,"date":"2024-12-17T22:38:44","date_gmt":"2024-12-17T22:38:44","guid":{"rendered":"https:\/\/fighter-jet-rides.com\/?page_id=646"},"modified":"2024-12-27T09:47:28","modified_gmt":"2024-12-27T09:47:28","slug":"about-us","status":"publish","type":"page","link":"https:\/\/fighter-jet-rides.com\/sv\/om-oss\/","title":{"rendered":"Om oss"},"content":{"rendered":"<figure class=\"wp-block-image size-large is-resized\"><img loading=\"lazy\" decoding=\"async\" width=\"1024\" height=\"335\" src=\"https:\/\/fighter-jet-rides.com\/wp-content\/uploads\/2024\/12\/migflug-logo-1024x335.png\" alt=\"\" class=\"wp-image-641\" style=\"width:131px;height:auto\" srcset=\"https:\/\/fighter-jet-rides.com\/wp-content\/uploads\/2024\/12\/migflug-logo-1024x335.png 1024w, https:\/\/fighter-jet-rides.com\/wp-content\/uploads\/2024\/12\/migflug-logo-300x98.png 300w, https:\/\/fighter-jet-rides.com\/wp-content\/uploads\/2024\/12\/migflug-logo-768x252.png 768w, https:\/\/fighter-jet-rides.com\/wp-content\/uploads\/2024\/12\/migflug-logo-1536x503.png 1536w, https:\/\/fighter-jet-rides.com\/wp-content\/uploads\/2024\/12\/migflug-logo-18x6.png 18w, https:\/\/fighter-jet-rides.com\/wp-content\/uploads\/2024\/12\/migflug-logo.png 1600w\" sizes=\"auto, (max-width: 1024px) 100vw, 1024px\" \/><\/figure>\n\n\n\n<p><strong>Fighter-Jet-Rides \u00e4r ett varum\u00e4rke som tillh\u00f6r MiGFlug<\/strong><br><br>MiGFlug, som grundades 2004 av flygentusiasterna Philipp Schaer och Flavio Kaufmann i Z\u00fcrich, Schweiz, specialiserar sig p\u00e5 att erbjuda flygupplevelser med stridsflygplan. F\u00f6retaget prioriterar s\u00e4kerhet och v\u00e4ljer de b\u00e4sta flygplanen, piloterna och flygf\u00e4lten, och har uppr\u00e4tth\u00e5llit en felfri s\u00e4kerhetsstatistik \u00f6ver tusentals flygningar.<\/p>\n\n\n\n<p><strong>Uppdrag<\/strong><br>MiGFlug har som m\u00e5l att g\u00f6ra flygningar med stridsflygplan tillg\u00e4ngliga och prisv\u00e4rda f\u00f6r flygentusiaster och sp\u00e4nningss\u00f6kare, och leverera of\u00f6rgl\u00f6mliga, adrenalinfyllda \u00e4ventyr.<\/p>\n\n\n\n<p><strong>Vad g\u00f6r MiGFlug speciellt?<\/strong><br>MiGFlug \u00e4r ett litet, mycket professionellt f\u00f6retag utan mellanh\u00e4nder som enbart fokuserar p\u00e5 upplevelser med stridsflygplan. Fr\u00e5n bokning till flygning s\u00e4kerst\u00e4ller deras kundcentrerade tillv\u00e4gag\u00e5ngss\u00e4tt ett s\u00f6ml\u00f6st och minnesv\u00e4rt \u00e4ventyr, med st\u00f6d av dedikerade piloter.<\/p>\n\n\n\n<p><strong>F\u00f6retagets bakgrund<\/strong><br>MiGFlug GmbH, med huvudkontor i Z\u00fcrich, inspirerades av Philipps och Flavios resor i \u00d6steuropa, d\u00e4r en improviserad flygning med en rysk milit\u00e4rpilot gav upphov till id\u00e9n. Efter att ha navigerat genom ryska milit\u00e4ra processer gjorde de dessa extraordin\u00e4ra upplevelser tillg\u00e4ngliga \u00f6ver hela v\u00e4rlden. Under de senaste 20 \u00e5ren har MiGFlug erbjudit flygningar i ikoniska flygplan som <strong>MiG-21, MiG-23, MiG-25, MiG-29, SU-27, Buccaneer, English Electric Lightning, Hawker Hunter, L-39 Albatros,<\/strong> och mycket mer. Framf\u00f6r allt var MiGFlug pionj\u00e4r inom<strong> Flygningar med MiG-29 fr\u00e5n Nizhny Novgorod Sormovo Airfield<\/strong>. Idag forts\u00e4tter MiGFlug att expandera globalt och levererar h\u00f6gkvalitativa, s\u00e4kra och sp\u00e4nnande \u00e4ventyr med stridsflygplan till dig.<\/p>\n\n\n\n<div class=\"wp-block-buttons is-content-justification-center is-layout-flex wp-container-core-buttons-is-layout-16018d1d wp-block-buttons-is-layout-flex\">\n<div class=\"wp-block-button is-style-default\"><a class=\"wp-block-button__link has-nv-dark-bg-color has-neve-link-color-background-color has-text-color has-background has-link-color wp-element-button\" href=\"https:\/\/fighter-jet-rides.com\/sv\/#map\" style=\"border-radius:10px\">V\u00e4lj din plats nu<\/a><\/div>\n<\/div>\n\n\n\n<p><\/p>","protected":false},"excerpt":{"rendered":"<p>Fighter-Jet-Rides is a Brand of MiGFlug MiGFlug, founded in 2004 by aviation enthusiasts Philipp Schaer and Flavio Kaufmann in Zurich, Switzerland, specializes in offering fighter jet flight experiences. The company prioritizes safety, selecting the best aircraft, pilots, and airfields, and has maintained a flawless safety record over thousands of flights. MissionMiGFlug aims to make fighter&hellip;&nbsp;<a href=\"https:\/\/fighter-jet-rides.com\/sv\/om-oss\/\" rel=\"bookmark\">L\u00e4s mer \"<span class=\"screen-reader-text\">Om oss<\/span><\/a><\/p>","protected":false},"author":1,"featured_media":0,"parent":0,"menu_order":0,"comment_status":"closed","ping_status":"closed","template":"","meta":{"neve_meta_sidebar":"","neve_meta_container":"","neve_meta_enable_content_width":"","neve_meta_content_width":0,"neve_meta_title_alignment":"","neve_meta_author_avatar":"","neve_post_elements_order":"","neve_meta_disable_header":"","neve_meta_disable_footer":"","neve_meta_disable_title":"","footnotes":""},"class_list":["post-646","page","type-page","status-publish","hentry"],"_links":{"self":[{"href":"https:\/\/fighter-jet-rides.com\/sv\/wp-json\/wp\/v2\/pages\/646","targetHints":{"allow":["GET"]}}],"collection":[{"href":"https:\/\/fighter-jet-rides.com\/sv\/wp-json\/wp\/v2\/pages"}],"about":[{"href":"https:\/\/fighter-jet-rides.com\/sv\/wp-json\/wp\/v2\/types\/page"}],"author":[{"embeddable":true,"href":"https:\/\/fighter-jet-rides.com\/sv\/wp-json\/wp\/v2\/users\/1"}],"replies":[{"embeddable":true,"href":"https:\/\/fighter-jet-rides.com\/sv\/wp-json\/wp\/v2\/comments?post=646"}],"version-history":[{"count":2,"href":"https:\/\/fighter-jet-rides.com\/sv\/wp-json\/wp\/v2\/pages\/646\/revisions"}],"predecessor-version":[{"id":778,"href":"https:\/\/fighter-jet-rides.com\/sv\/wp-json\/wp\/v2\/pages\/646\/revisions\/778"}],"wp:attachment":[{"href":"https:\/\/fighter-jet-rides.com\/sv\/wp-json\/wp\/v2\/media?parent=646"}],"curies":[{"name":"wp","href":"https:\/\/api.w.org\/{rel}","templated":true}]}}