{"id":646,"date":"2024-12-17T22:38:44","date_gmt":"2024-12-17T22:38:44","guid":{"rendered":"https:\/\/fighter-jet-rides.com\/?page_id=646"},"modified":"2024-12-27T09:47:28","modified_gmt":"2024-12-27T09:47:28","slug":"about-us","status":"publish","type":"page","link":"https:\/\/fighter-jet-rides.com\/tr\/hakkimizda\/","title":{"rendered":"Hakk\u0131m\u0131zda"},"content":{"rendered":"<figure class=\"wp-block-image size-large is-resized\"><img loading=\"lazy\" decoding=\"async\" width=\"1024\" height=\"335\" src=\"https:\/\/fighter-jet-rides.com\/wp-content\/uploads\/2024\/12\/migflug-logo-1024x335.png\" alt=\"\" class=\"wp-image-641\" style=\"width:131px;height:auto\" srcset=\"https:\/\/fighter-jet-rides.com\/wp-content\/uploads\/2024\/12\/migflug-logo-1024x335.png 1024w, https:\/\/fighter-jet-rides.com\/wp-content\/uploads\/2024\/12\/migflug-logo-300x98.png 300w, https:\/\/fighter-jet-rides.com\/wp-content\/uploads\/2024\/12\/migflug-logo-768x252.png 768w, https:\/\/fighter-jet-rides.com\/wp-content\/uploads\/2024\/12\/migflug-logo-1536x503.png 1536w, https:\/\/fighter-jet-rides.com\/wp-content\/uploads\/2024\/12\/migflug-logo-18x6.png 18w, https:\/\/fighter-jet-rides.com\/wp-content\/uploads\/2024\/12\/migflug-logo.png 1600w\" sizes=\"auto, (max-width: 1024px) 100vw, 1024px\" \/><\/figure>\n\n\n\n<p><strong>Fighter-Jet-Rides Bir MiGFlug Markas\u0131d\u0131r<\/strong><br><br>Havac\u0131l\u0131k merakl\u0131lar\u0131 Philipp Schaer ve Flavio Kaufmann taraf\u0131ndan 2004 y\u0131l\u0131nda \u0130svi\u00e7re'nin Z\u00fcrih kentinde kurulan MiGFlug, sava\u015f u\u00e7a\u011f\u0131 u\u00e7u\u015f deneyimleri sunma konusunda uzmanla\u015fm\u0131\u015ft\u0131r. En iyi u\u00e7aklar\u0131, pilotlar\u0131 ve hava alanlar\u0131n\u0131 se\u00e7erek g\u00fcvenli\u011fe \u00f6ncelik veren \u015firket, binlerce u\u00e7u\u015fta kusursuz bir g\u00fcvenlik sicili tutmu\u015ftur.<\/p>\n\n\n\n<p><strong>G\u00f6rev<\/strong><br>MiGFlug, sava\u015f u\u00e7a\u011f\u0131 u\u00e7u\u015flar\u0131n\u0131 havac\u0131l\u0131k merakl\u0131lar\u0131 ve heyecan arayanlar i\u00e7in eri\u015filebilir ve uygun fiyatl\u0131 hale getirerek unutulmaz, adrenalin dolu maceralar sunmay\u0131 ama\u00e7lamaktad\u0131r.<\/p>\n\n\n\n<p><strong>MiGFlug'\u0131 \u00d6zel K\u0131lan Nedir?<\/strong><br>MiGFlug, sadece sava\u015f u\u00e7a\u011f\u0131 deneyimlerine odaklanan, arac\u0131s\u0131z, k\u00fc\u00e7\u00fck ve son derece profesyonel bir \u015firket olarak faaliyet g\u00f6stermektedir. Rezervasyondan u\u00e7u\u015fa kadar, m\u00fc\u015fteri merkezli yakla\u015f\u0131mlar\u0131, \u00f6zel pilotlar taraf\u0131ndan desteklenen sorunsuz ve unutulmaz bir macera sa\u011flar.<\/p>\n\n\n\n<p><strong>\u015eirket Ge\u00e7mi\u015fi<\/strong><br>Merkezi Z\u00fcrih'te bulunan MiGFlug GmbH, Philipp ve Flavio'nun Do\u011fu Avrupa'ya yapt\u0131klar\u0131 seyahatler s\u0131ras\u0131nda, bir Rus askeri pilotuyla yapt\u0131klar\u0131 haz\u0131rl\u0131ks\u0131z bir u\u00e7u\u015ftan esinlenerek ortaya \u00e7\u0131kt\u0131. Rus askeri s\u00fcre\u00e7lerini a\u015ft\u0131ktan sonra, bu ola\u011fan\u00fcst\u00fc deneyimleri d\u00fcnya \u00e7ap\u0131nda kullan\u0131labilir hale getirdiler. Son 20 y\u0131lda MiGFlug, Rus askeri u\u00e7a\u011f\u0131 gibi ikonik u\u00e7aklarla u\u00e7u\u015flar sundu. <strong>MiG-21, MiG-23, MiG-25, MiG-29, SU-27, Buccaneer, \u0130ngiliz Electric Lightning, Hawker Hunter, L-39 Albatros,<\/strong> ve daha fazlas\u0131. MiGFlug'\u0131n \u00f6nc\u00fcl\u00fc\u011f\u00fcn\u00fc yapt\u0131\u011f\u0131<strong> Nizhny Novgorod Sormovo Havaalan\u0131'ndan MiG-29 u\u00e7u\u015flar\u0131<\/strong>. Bug\u00fcn MiGFlug, size y\u00fcksek kaliteli, g\u00fcvenli ve heyecan verici sava\u015f u\u00e7a\u011f\u0131 maceralar\u0131 sunarak k\u00fcresel olarak geni\u015flemeye devam ediyor.<\/p>\n\n\n\n<div class=\"wp-block-buttons is-content-justification-center is-layout-flex wp-container-core-buttons-is-layout-16018d1d wp-block-buttons-is-layout-flex\">\n<div class=\"wp-block-button is-style-default\"><a class=\"wp-block-button__link has-nv-dark-bg-color has-neve-link-color-background-color has-text-color has-background has-link-color wp-element-button\" href=\"https:\/\/fighter-jet-rides.com\/tr\/#map\" style=\"border-radius:10px\">\u015eimdi Konumunuzu Se\u00e7in<\/a><\/div>\n<\/div>\n\n\n\n<p><\/p>","protected":false},"excerpt":{"rendered":"<p>Fighter-Jet-Rides Bir MiGFlug Markas\u0131d\u0131r 2004 y\u0131l\u0131nda havac\u0131l\u0131k merakl\u0131lar\u0131 Philipp Schaer ve Flavio Kaufmann taraf\u0131ndan \u0130svi\u00e7re'nin Z\u00fcrih kentinde kurulan MiGFlug, sava\u015f u\u00e7a\u011f\u0131 u\u00e7u\u015f deneyimleri sunma konusunda uzmanla\u015fm\u0131\u015ft\u0131r. \u015eirket, en iyi u\u00e7aklar\u0131, pilotlar\u0131 ve hava alanlar\u0131n\u0131 se\u00e7erek g\u00fcvenli\u011fe \u00f6ncelik verir ve binlerce u\u00e7u\u015fta kusursuz bir g\u00fcvenlik kayd\u0131 tutmu\u015ftur. MissionMiGFlug, sava\u015f u\u00e7aklar\u0131n\u0131...&nbsp;<a href=\"https:\/\/fighter-jet-rides.com\/tr\/hakkimizda\/\" rel=\"bookmark\">Daha fazlas\u0131n\u0131 oku \"<span class=\"screen-reader-text\">Hakk\u0131m\u0131zda<\/span><\/a><\/p>","protected":false},"author":1,"featured_media":0,"parent":0,"menu_order":0,"comment_status":"closed","ping_status":"closed","template":"","meta":{"neve_meta_sidebar":"","neve_meta_container":"","neve_meta_enable_content_width":"","neve_meta_content_width":0,"neve_meta_title_alignment":"","neve_meta_author_avatar":"","neve_post_elements_order":"","neve_meta_disable_header":"","neve_meta_disable_footer":"","neve_meta_disable_title":"","footnotes":""},"class_list":["post-646","page","type-page","status-publish","hentry"],"_links":{"self":[{"href":"https:\/\/fighter-jet-rides.com\/tr\/wp-json\/wp\/v2\/pages\/646","targetHints":{"allow":["GET"]}}],"collection":[{"href":"https:\/\/fighter-jet-rides.com\/tr\/wp-json\/wp\/v2\/pages"}],"about":[{"href":"https:\/\/fighter-jet-rides.com\/tr\/wp-json\/wp\/v2\/types\/page"}],"author":[{"embeddable":true,"href":"https:\/\/fighter-jet-rides.com\/tr\/wp-json\/wp\/v2\/users\/1"}],"replies":[{"embeddable":true,"href":"https:\/\/fighter-jet-rides.com\/tr\/wp-json\/wp\/v2\/comments?post=646"}],"version-history":[{"count":2,"href":"https:\/\/fighter-jet-rides.com\/tr\/wp-json\/wp\/v2\/pages\/646\/revisions"}],"predecessor-version":[{"id":778,"href":"https:\/\/fighter-jet-rides.com\/tr\/wp-json\/wp\/v2\/pages\/646\/revisions\/778"}],"wp:attachment":[{"href":"https:\/\/fighter-jet-rides.com\/tr\/wp-json\/wp\/v2\/media?parent=646"}],"curies":[{"name":"wp","href":"https:\/\/api.w.org\/{rel}","templated":true}]}}